{"id":76,"date":"2025-01-22T10:57:52","date_gmt":"2025-01-22T09:57:52","guid":{"rendered":"https:\/\/beachsoccerclubathois.be\/?page_id=76"},"modified":"2025-01-22T18:33:25","modified_gmt":"2025-01-22T17:33:25","slug":"le-comite","status":"publish","type":"page","link":"https:\/\/beachsoccerclubathois.be\/index.php\/le-comite\/","title":{"rendered":"Le Comit\u00e9"},"content":{"rendered":"\n<p><\/p>\n\n\n\n<div class=\"wp-block-nectar-blocks-row alignfull nectar-block nectar-blocks-row nectar-blocks-row__inner nectar-blocks-row__wrapper parent-block-block-1PTswZkbFi\" id=\"block-1PTswZkbFi\">\n<div class=\"wp-block-nectar-blocks-column nectar-blocks-column nectar-block\" id=\"block-D4RPF8Y3rg\"><div class=\"nectar-blocks-column__inner nectar-blocks-column__content-wrap parent-block-block-D4RPF8Y3rg nectar-blocks-column__wrapper\">\n<div class=\"wp-block-nectar-blocks-row alignfull nectar-block nectar-blocks-row nectar-blocks-row__inner is-horizontal-phone is-horizontal-tablet nectar-blocks-row__wrapper parent-block-block-I5gcAEBLog\" id=\"block-I5gcAEBLog\">\n<div class=\"wp-block-nectar-blocks-column nectar-blocks-column nectar-block\" id=\"block-LmhltkTWyI\"><div class=\"nectar-blocks-column__inner nectar-blocks-column__content-wrap parent-block-block-LmhltkTWyI nectar-blocks-column__wrapper\">\n<h2 id=\"block-bA60pLdz9G\" class=\"wp-block-nectar-blocks-text nectar-blocks-text\">Le Comit\u00e9 <\/h2>\n<\/div><\/div>\n<\/div>\n\n\n\n<div class=\"wp-block-nectar-blocks-row alignfull nectar-block nectar-blocks-row nectar-blocks-row__wrapper parent-block-block-ioOTvT6I6a\" id=\"block-ioOTvT6I6a\"><div class=\"nectar-blocks-row__inner is-contained-content parent-block-block-ioOTvT6I6a\">\n<div class=\"wp-block-nectar-blocks-column nectar-blocks-column nectar-block\" id=\"block-rQAn7FYyvW\"><div class=\"nectar-blocks-column__wrapper parent-block-block-rQAn7FYyvW\"><div class=\"nectar-blocks-column__inner nectar-blocks-column__content-wrap parent-block-block-rQAn7FYyvW\">\n<p id=\"block-nQ8BHmLBtQ\" class=\"wp-block-nectar-blocks-text nectar-blocks-text nectar-font-label\">Pr\u00e9sident<\/p>\n\n\n\n<h3 id=\"block-VdERTDW8Fh\" class=\"wp-block-nectar-blocks-text nectar-blocks-text\">Cl\u00e9ment Jonckers<\/h3>\n\n\n\n<div class=\"wp-block-nectar-blocks-flex-box nectar-block nectar-blocks-flex-box nectar-blocks-flex-box__inner nectar-blocks-flex-box__wrapper parent-block-block-GXNQXnafXX\" id=\"block-GXNQXnafXX\">\n<ul class=\"wp-block-list\">\n<li>Age : 26 ans<\/li>\n\n\n\n<li>Profession\u00a0: Kin\u00e9sith\u00e9rapeute<\/li>\n\n\n\n<li>Loisirs\u00a0: Football, running, mouvement de jeunesse<\/li>\n<\/ul>\n<\/div>\n<\/div><\/div><\/div>\n\n\n\n<div class=\"wp-block-nectar-blocks-column nectar-blocks-column nectar-block\" id=\"block-4wRQiMV074\"><div class=\"nectar-blocks-column__inner nectar-blocks-column__content-wrap parent-block-block-4wRQiMV074 nectar-blocks-column__wrapper\">\n<div class=\"wp-block-nectar-blocks-image nectar-blocks-image\" data-nectar-block-animation=\"{&quot;selector&quot;:&quot;.nectar-blocks-image__inner&quot;,&quot;scrollPosition&quot;:{&quot;type&quot;:&quot;scrollPosition&quot;,&quot;triggerDevices&quot;:[&quot;desktop&quot;],&quot;smoothScroll&quot;:true,&quot;animationBoundaries&quot;:{&quot;start&quot;:&quot;starts_entering&quot;,&quot;end&quot;:&quot;fully_invisible&quot;,&quot;endPinOffset&quot;:{&quot;value&quot;:100,&quot;unit&quot;:&quot;%&quot;},&quot;endOffset&quot;:{&quot;value&quot;:0,&quot;unit&quot;:&quot;%&quot;},&quot;pin&quot;:false},&quot;scrollValues&quot;:{&quot;desktop&quot;:{&quot;timeline&quot;:[{&quot;start&quot;:{&quot;x&quot;:{&quot;unit&quot;:&quot;px&quot;,&quot;value&quot;:0},&quot;y&quot;:{&quot;value&quot;:40,&quot;unit&quot;:&quot;%&quot;},&quot;type&quot;:&quot;translate&quot;},&quot;end&quot;:{&quot;x&quot;:{&quot;unit&quot;:&quot;px&quot;,&quot;value&quot;:0},&quot;y&quot;:{&quot;value&quot;:-40,&quot;unit&quot;:&quot;%&quot;},&quot;type&quot;:&quot;translate&quot;},&quot;type&quot;:&quot;translate&quot;},{&quot;start&quot;:{&quot;degrees&quot;:5,&quot;xDegrees&quot;:0,&quot;yDegrees&quot;:0,&quot;type&quot;:&quot;rotate&quot;},&quot;end&quot;:{&quot;degrees&quot;:-5,&quot;xDegrees&quot;:0,&quot;yDegrees&quot;:0,&quot;type&quot;:&quot;rotate&quot;},&quot;type&quot;:&quot;rotate&quot;}]}}}}\" id=\"block-lgZQWzXU6b\"><div class=\"nectar-blocks-image__inner\"><img loading=\"lazy\" decoding=\"async\" width=\"960\" height=\"762\" class=\"wp-image-90 nectar-aspect-ratio--4-3 nectar-aspect-ratio\" src=\"http:\/\/beachsoccerclubathois.be\/wp-content\/uploads\/2025\/01\/382976773_6683152015107255_5361532658474930485_n-e1737544073299.jpg\" alt=\"\" title=\"382976773_6683152015107255_5361532658474930485_n\" srcset=\"https:\/\/beachsoccerclubathois.be\/wp-content\/uploads\/2025\/01\/382976773_6683152015107255_5361532658474930485_n-e1737544073299.jpg 960w, https:\/\/beachsoccerclubathois.be\/wp-content\/uploads\/2025\/01\/382976773_6683152015107255_5361532658474930485_n-e1737544073299-300x238.jpg 300w, https:\/\/beachsoccerclubathois.be\/wp-content\/uploads\/2025\/01\/382976773_6683152015107255_5361532658474930485_n-e1737544073299-768x610.jpg 768w\" sizes=\"auto, (max-width: 960px) 100vw, 960px\" \/><\/div><\/div>\n<\/div><\/div>\n<\/div><\/div>\n\n\n\n<div class=\"wp-block-nectar-blocks-row alignfull nectar-block nectar-blocks-row nectar-blocks-row__wrapper parent-block-block-jso6UlCB88\" id=\"block-jso6UlCB88\"><div class=\"nectar-blocks-row__inner is-contained-content parent-block-block-jso6UlCB88\">\n<div class=\"wp-block-nectar-blocks-column nectar-blocks-column nectar-block\" id=\"block-PruFzaytDp\"><div class=\"nectar-blocks-column__inner nectar-blocks-column__content-wrap parent-block-block-PruFzaytDp nectar-blocks-column__wrapper\">\n<div class=\"wp-block-nectar-blocks-image nectar-blocks-image\" data-nectar-block-animation=\"{&quot;selector&quot;:&quot;.nectar-blocks-image__inner&quot;,&quot;scrollPosition&quot;:{&quot;type&quot;:&quot;scrollPosition&quot;,&quot;triggerDevices&quot;:[&quot;desktop&quot;],&quot;smoothScroll&quot;:true,&quot;animationBoundaries&quot;:{&quot;start&quot;:&quot;starts_entering&quot;,&quot;end&quot;:&quot;fully_invisible&quot;,&quot;endPinOffset&quot;:{&quot;value&quot;:100,&quot;unit&quot;:&quot;%&quot;},&quot;endOffset&quot;:{&quot;value&quot;:0,&quot;unit&quot;:&quot;%&quot;},&quot;pin&quot;:false},&quot;scrollValues&quot;:{&quot;desktop&quot;:{&quot;timeline&quot;:[{&quot;start&quot;:{&quot;x&quot;:{&quot;unit&quot;:&quot;px&quot;,&quot;value&quot;:0},&quot;y&quot;:{&quot;value&quot;:40,&quot;unit&quot;:&quot;%&quot;},&quot;type&quot;:&quot;translate&quot;},&quot;end&quot;:{&quot;x&quot;:{&quot;unit&quot;:&quot;px&quot;,&quot;value&quot;:0},&quot;y&quot;:{&quot;value&quot;:-40,&quot;unit&quot;:&quot;%&quot;},&quot;type&quot;:&quot;translate&quot;},&quot;type&quot;:&quot;translate&quot;},{&quot;start&quot;:{&quot;degrees&quot;:-5,&quot;xDegrees&quot;:0,&quot;yDegrees&quot;:0,&quot;type&quot;:&quot;rotate&quot;},&quot;end&quot;:{&quot;degrees&quot;:5,&quot;xDegrees&quot;:0,&quot;yDegrees&quot;:0,&quot;type&quot;:&quot;rotate&quot;},&quot;type&quot;:&quot;rotate&quot;}]}}}}\" id=\"block-PwotnjI5G9\"><div class=\"nectar-blocks-image__inner\"><img loading=\"lazy\" decoding=\"async\" width=\"960\" height=\"958\" class=\"wp-image-89 nectar-aspect-ratio--4-3 nectar-aspect-ratio\" src=\"http:\/\/beachsoccerclubathois.be\/wp-content\/uploads\/2025\/01\/thibaut.jpg\" alt=\"\" title=\"thibaut\" srcset=\"https:\/\/beachsoccerclubathois.be\/wp-content\/uploads\/2025\/01\/thibaut.jpg 960w, https:\/\/beachsoccerclubathois.be\/wp-content\/uploads\/2025\/01\/thibaut-300x300.jpg 300w, https:\/\/beachsoccerclubathois.be\/wp-content\/uploads\/2025\/01\/thibaut-150x150.jpg 150w, https:\/\/beachsoccerclubathois.be\/wp-content\/uploads\/2025\/01\/thibaut-768x766.jpg 768w, https:\/\/beachsoccerclubathois.be\/wp-content\/uploads\/2025\/01\/thibaut-200x200.jpg 200w\" sizes=\"auto, (max-width: 960px) 100vw, 960px\" \/><\/div><\/div>\n<\/div><\/div>\n\n\n\n<div class=\"wp-block-nectar-blocks-column nectar-blocks-column nectar-block\" id=\"block-yBQCIsPV8u\"><div class=\"nectar-blocks-column__wrapper parent-block-block-yBQCIsPV8u\"><div class=\"nectar-blocks-column__inner nectar-blocks-column__content-wrap parent-block-block-yBQCIsPV8u\">\n<p id=\"block-ECh1o9sYB9\" class=\"wp-block-nectar-blocks-text nectar-blocks-text nectar-font-label\">Tr\u00e9sorier<\/p>\n\n\n\n<h3 id=\"block-2FFvj2fBMP\" class=\"wp-block-nectar-blocks-text nectar-blocks-text\">Thibaut Boisdenghien<\/h3>\n\n\n\n<div class=\"wp-block-nectar-blocks-flex-box nectar-block nectar-blocks-flex-box nectar-blocks-flex-box__inner nectar-blocks-flex-box__wrapper parent-block-block-jctMTgDDwg\" id=\"block-jctMTgDDwg\">\n<p id=\"block-IbUlOwEGGM\" class=\"wp-block-nectar-blocks-text nectar-blocks-text nectar-font-body\">Age : 31 ans<br>Profession\u00a0: Kin\u00e9sith\u00e9rapeute<br>Loisirs\u00a0: Football, Membre du Rotaract Ath, <\/p>\n<\/div>\n<\/div><\/div><\/div>\n<\/div><\/div>\n\n\n\n<div class=\"wp-block-nectar-blocks-row alignfull nectar-block nectar-blocks-row nectar-blocks-row__wrapper parent-block-block-gRpcKA9ydA\" id=\"block-gRpcKA9ydA\"><div class=\"nectar-blocks-row__inner is-contained-content parent-block-block-gRpcKA9ydA\">\n<div class=\"wp-block-nectar-blocks-column nectar-blocks-column nectar-block\" id=\"block-ZKPkpOlL2H\"><div class=\"nectar-blocks-column__wrapper parent-block-block-ZKPkpOlL2H\"><div class=\"nectar-blocks-column__inner nectar-blocks-column__content-wrap parent-block-block-ZKPkpOlL2H\">\n<p id=\"block-OziFmlcGVD\" class=\"wp-block-nectar-blocks-text nectar-blocks-text nectar-font-label\">Charg\u00e9 de com &amp; Relationel<\/p>\n\n\n\n<h3 id=\"block-Ezz0OlGcN0\" class=\"wp-block-nectar-blocks-text nectar-blocks-text\">Yohan De Taeye<\/h3>\n\n\n\n<div class=\"wp-block-nectar-blocks-flex-box nectar-block nectar-blocks-flex-box nectar-blocks-flex-box__inner nectar-blocks-flex-box__wrapper parent-block-block-aThNHLh0UI\" id=\"block-aThNHLh0UI\">\n<p id=\"block-AUNQnp5PP6\" class=\"wp-block-nectar-blocks-text nectar-blocks-text nectar-font-body\">Age : 31 ans<br>Profession\u00a0: M\u00e9decin en sant\u00e9 publique <br>Loisirs\u00a0: Ski, Padel, associatif, \u00e9v\u00e9nementiel, Pr\u00e9sident d&rsquo;Ath&rsquo;letic4You ASBL<\/p>\n<\/div>\n<\/div><\/div><\/div>\n\n\n\n<div class=\"wp-block-nectar-blocks-column nectar-blocks-column nectar-block\" id=\"block-QEoUju8W9Q\"><div class=\"nectar-blocks-column__inner nectar-blocks-column__content-wrap parent-block-block-QEoUju8W9Q nectar-blocks-column__wrapper\">\n<div class=\"wp-block-nectar-blocks-image nectar-blocks-image\" data-nectar-block-animation=\"{&quot;selector&quot;:&quot;.nectar-blocks-image__inner&quot;,&quot;scrollPosition&quot;:{&quot;type&quot;:&quot;scrollPosition&quot;,&quot;triggerDevices&quot;:[&quot;desktop&quot;],&quot;smoothScroll&quot;:true,&quot;animationBoundaries&quot;:{&quot;start&quot;:&quot;starts_entering&quot;,&quot;end&quot;:&quot;fully_invisible&quot;,&quot;endPinOffset&quot;:{&quot;value&quot;:100,&quot;unit&quot;:&quot;%&quot;},&quot;endOffset&quot;:{&quot;value&quot;:0,&quot;unit&quot;:&quot;%&quot;},&quot;pin&quot;:false},&quot;scrollValues&quot;:{&quot;desktop&quot;:{&quot;timeline&quot;:[{&quot;start&quot;:{&quot;x&quot;:{&quot;unit&quot;:&quot;px&quot;,&quot;value&quot;:0},&quot;y&quot;:{&quot;value&quot;:40,&quot;unit&quot;:&quot;%&quot;},&quot;type&quot;:&quot;translate&quot;},&quot;end&quot;:{&quot;x&quot;:{&quot;unit&quot;:&quot;px&quot;,&quot;value&quot;:0},&quot;y&quot;:{&quot;value&quot;:-40,&quot;unit&quot;:&quot;%&quot;},&quot;type&quot;:&quot;translate&quot;},&quot;type&quot;:&quot;translate&quot;},{&quot;start&quot;:{&quot;degrees&quot;:5,&quot;xDegrees&quot;:0,&quot;yDegrees&quot;:0,&quot;type&quot;:&quot;rotate&quot;},&quot;end&quot;:{&quot;degrees&quot;:-5,&quot;xDegrees&quot;:0,&quot;yDegrees&quot;:0,&quot;type&quot;:&quot;rotate&quot;},&quot;type&quot;:&quot;rotate&quot;}]}}}}\" id=\"block-r0p6dv8PMf\"><div class=\"nectar-blocks-image__inner\"><img loading=\"lazy\" decoding=\"async\" width=\"1238\" height=\"908\" class=\"wp-image-97 nectar-aspect-ratio--4-3 nectar-aspect-ratio\" src=\"http:\/\/beachsoccerclubathois.be\/wp-content\/uploads\/2025\/01\/Capture-decran-2025-01-22-a-12.18.43.png\" alt=\"\" title=\"Capture d\u2019e\u0301cran 2025-01-22 a\u0300 12.18.43\" srcset=\"https:\/\/beachsoccerclubathois.be\/wp-content\/uploads\/2025\/01\/Capture-decran-2025-01-22-a-12.18.43.png 1238w, https:\/\/beachsoccerclubathois.be\/wp-content\/uploads\/2025\/01\/Capture-decran-2025-01-22-a-12.18.43-300x220.png 300w, https:\/\/beachsoccerclubathois.be\/wp-content\/uploads\/2025\/01\/Capture-decran-2025-01-22-a-12.18.43-1024x751.png 1024w, https:\/\/beachsoccerclubathois.be\/wp-content\/uploads\/2025\/01\/Capture-decran-2025-01-22-a-12.18.43-768x563.png 768w\" sizes=\"auto, (max-width: 1238px) 100vw, 1238px\" \/><\/div><\/div>\n<\/div><\/div>\n<\/div><\/div>\n\n\n\n<div class=\"wp-block-nectar-blocks-row alignfull nectar-block nectar-blocks-row nectar-blocks-row__wrapper parent-block-block-YmMyFmT7iu\" id=\"block-YmMyFmT7iu\"><div class=\"nectar-blocks-row__inner is-contained-content parent-block-block-YmMyFmT7iu\">\n<div class=\"wp-block-nectar-blocks-column nectar-blocks-column nectar-block\" id=\"block-3CIUZWXVxz\"><div class=\"nectar-blocks-column__inner nectar-blocks-column__content-wrap parent-block-block-3CIUZWXVxz nectar-blocks-column__wrapper\">\n<div class=\"wp-block-nectar-blocks-image nectar-blocks-image\" data-nectar-block-animation=\"{&quot;selector&quot;:&quot;.nectar-blocks-image__inner&quot;,&quot;scrollPosition&quot;:{&quot;type&quot;:&quot;scrollPosition&quot;,&quot;triggerDevices&quot;:[&quot;desktop&quot;],&quot;smoothScroll&quot;:true,&quot;animationBoundaries&quot;:{&quot;start&quot;:&quot;starts_entering&quot;,&quot;end&quot;:&quot;fully_invisible&quot;,&quot;endPinOffset&quot;:{&quot;value&quot;:100,&quot;unit&quot;:&quot;%&quot;},&quot;endOffset&quot;:{&quot;value&quot;:0,&quot;unit&quot;:&quot;%&quot;},&quot;pin&quot;:false},&quot;scrollValues&quot;:{&quot;desktop&quot;:{&quot;timeline&quot;:[{&quot;start&quot;:{&quot;x&quot;:{&quot;unit&quot;:&quot;px&quot;,&quot;value&quot;:0},&quot;y&quot;:{&quot;value&quot;:40,&quot;unit&quot;:&quot;%&quot;},&quot;type&quot;:&quot;translate&quot;},&quot;end&quot;:{&quot;x&quot;:{&quot;unit&quot;:&quot;px&quot;,&quot;value&quot;:0},&quot;y&quot;:{&quot;value&quot;:-40,&quot;unit&quot;:&quot;%&quot;},&quot;type&quot;:&quot;translate&quot;},&quot;type&quot;:&quot;translate&quot;},{&quot;start&quot;:{&quot;degrees&quot;:-5,&quot;xDegrees&quot;:0,&quot;yDegrees&quot;:0,&quot;type&quot;:&quot;rotate&quot;},&quot;end&quot;:{&quot;degrees&quot;:5,&quot;xDegrees&quot;:0,&quot;yDegrees&quot;:0,&quot;type&quot;:&quot;rotate&quot;},&quot;type&quot;:&quot;rotate&quot;}]}}}}\" id=\"block-XYuAzf1VWM\"><div class=\"nectar-blocks-image__inner\"><img loading=\"lazy\" decoding=\"async\" width=\"960\" height=\"958\" class=\"wp-image-93 nectar-aspect-ratio--4-3 nectar-aspect-ratio\" src=\"http:\/\/beachsoccerclubathois.be\/wp-content\/uploads\/2025\/01\/461581931_8319940308042830_4020750755113375765_n.jpg\" alt=\"\" title=\"461581931_8319940308042830_4020750755113375765_n\" srcset=\"https:\/\/beachsoccerclubathois.be\/wp-content\/uploads\/2025\/01\/461581931_8319940308042830_4020750755113375765_n.jpg 960w, https:\/\/beachsoccerclubathois.be\/wp-content\/uploads\/2025\/01\/461581931_8319940308042830_4020750755113375765_n-300x300.jpg 300w, https:\/\/beachsoccerclubathois.be\/wp-content\/uploads\/2025\/01\/461581931_8319940308042830_4020750755113375765_n-150x150.jpg 150w, https:\/\/beachsoccerclubathois.be\/wp-content\/uploads\/2025\/01\/461581931_8319940308042830_4020750755113375765_n-768x766.jpg 768w, https:\/\/beachsoccerclubathois.be\/wp-content\/uploads\/2025\/01\/461581931_8319940308042830_4020750755113375765_n-200x200.jpg 200w\" sizes=\"auto, (max-width: 960px) 100vw, 960px\" \/><\/div><\/div>\n<\/div><\/div>\n\n\n\n<div class=\"wp-block-nectar-blocks-column nectar-blocks-column nectar-block\" id=\"block-KR0jQlD3zC\"><div class=\"nectar-blocks-column__wrapper parent-block-block-KR0jQlD3zC\"><div class=\"nectar-blocks-column__inner nectar-blocks-column__content-wrap parent-block-block-KR0jQlD3zC\">\n<p id=\"block-xzdsntsuwQ\" class=\"wp-block-nectar-blocks-text nectar-blocks-text nectar-font-label\">Secretaire<\/p>\n\n\n\n<h3 id=\"block-CrqYIuwENM\" class=\"wp-block-nectar-blocks-text nectar-blocks-text\">Corentin Sinty<\/h3>\n\n\n\n<div class=\"wp-block-nectar-blocks-flex-box nectar-block nectar-blocks-flex-box nectar-blocks-flex-box__inner nectar-blocks-flex-box__wrapper parent-block-block-7iOh8cBL3y\" id=\"block-7iOh8cBL3y\">\n<p id=\"block-2kWAo8oVDB\" class=\"wp-block-nectar-blocks-text nectar-blocks-text nectar-font-body\">Age : 26 ans<br>Profession\u00a0: Professeur d&rsquo;\u00e9ducation physique <br>Loisirs\u00a0: Football, running, encadrer la jeunesse<\/p>\n<\/div>\n<\/div><\/div><\/div>\n<\/div><\/div>\n\n\n\n<div class=\"wp-block-nectar-blocks-flex-box nectar-block nectar-blocks-flex-box nectar-aspect-ratio--1-1 nectar-aspect-ratio nectar-blocks-flex-box__inner nectar-blocks-flex-box__wrapper parent-block-block-XEqbzuvv3M\" id=\"block-XEqbzuvv3M\"><\/div>\n\n\n\n<div class=\"wp-block-nectar-blocks-flex-box nectar-block nectar-blocks-flex-box nectar-aspect-ratio--1-1 nectar-aspect-ratio nectar-blocks-flex-box__inner nectar-blocks-flex-box__wrapper parent-block-block-xAvPPpVm0a\" id=\"block-xAvPPpVm0a\"><\/div>\n<\/div><\/div>\n<\/div>\n\n\n","protected":false},"excerpt":{"rendered":"","protected":false},"author":1,"featured_media":0,"parent":0,"menu_order":0,"comment_status":"closed","ping_status":"closed","template":"","meta":{"_nectar_blocks_hide_post_title":false,"_nectar_blocks_transparent_header_effect":false,"_nectar_blocks_transparent_header_effect_color":"light","_nectar_blocks_header_animation":false,"_nectar_blocks_header_animation_effect":"fade","_nectar_blocks_page_css":"","_nectar_blocks_page_js":"","footnotes":""},"class_list":["post-76","page","type-page","status-publish"],"_links":{"self":[{"href":"https:\/\/beachsoccerclubathois.be\/index.php\/wp-json\/wp\/v2\/pages\/76","targetHints":{"allow":["GET"]}}],"collection":[{"href":"https:\/\/beachsoccerclubathois.be\/index.php\/wp-json\/wp\/v2\/pages"}],"about":[{"href":"https:\/\/beachsoccerclubathois.be\/index.php\/wp-json\/wp\/v2\/types\/page"}],"author":[{"embeddable":true,"href":"https:\/\/beachsoccerclubathois.be\/index.php\/wp-json\/wp\/v2\/users\/1"}],"replies":[{"embeddable":true,"href":"https:\/\/beachsoccerclubathois.be\/index.php\/wp-json\/wp\/v2\/comments?post=76"}],"version-history":[{"count":10,"href":"https:\/\/beachsoccerclubathois.be\/index.php\/wp-json\/wp\/v2\/pages\/76\/revisions"}],"predecessor-version":[{"id":217,"href":"https:\/\/beachsoccerclubathois.be\/index.php\/wp-json\/wp\/v2\/pages\/76\/revisions\/217"}],"wp:attachment":[{"href":"https:\/\/beachsoccerclubathois.be\/index.php\/wp-json\/wp\/v2\/media?parent=76"}],"curies":[{"name":"wp","href":"https:\/\/api.w.org\/{rel}","templated":true}]}}